{"id":14,"date":"2014-11-18T17:02:08","date_gmt":"2014-11-18T22:02:08","guid":{"rendered":"http:\/\/franchise.piri-piri.ca\/?page_id=14"},"modified":"2024-03-07T13:15:07","modified_gmt":"2024-03-07T18:15:07","slug":"piri-piri-franchise-opportunity","status":"publish","type":"page","link":"https:\/\/franchise.piri-piri.ca\/fr\/","title":{"rendered":"Accueil"},"content":{"rendered":"[vc_row type=\u00a0\u00bbfull_width_background\u00a0\u00bb full_screen_row_position=\u00a0\u00bbmiddle\u00a0\u00bb column_margin=\u00a0\u00bbdefault\u00a0\u00bb bg_image=\u00a0\u00bb63039&Prime; bg_position=\u00a0\u00bbcenter center\u00a0\u00bb bg_repeat=\u00a0\u00bbno-repeat\u00a0\u00bb scene_position=\u00a0\u00bbcenter\u00a0\u00bb text_color=\u00a0\u00bbdark\u00a0\u00bb text_align=\u00a0\u00bbleft\u00a0\u00bb id=\u00a0\u00bbbanner_page\u00a0\u00bb color_overlay=\u00a0\u00bb#0a0a0a\u00a0\u00bb overlay_strength=\u00a0\u00bb0.3&Prime; shape_divider_position=\u00a0\u00bbbottom\u00a0\u00bb bg_image_animation=\u00a0\u00bbnone\u00a0\u00bb shape_type=\u00a0\u00bb\u00a0\u00bb][vc_column column_padding=\u00a0\u00bbno-extra-padding\u00a0\u00bb column_padding_position=\u00a0\u00bball\u00a0\u00bb background_color_opacity=\u00a0\u00bb1&Prime; background_hover_color_opacity=\u00a0\u00bb1&Prime; column_link_target=\u00a0\u00bb_self\u00a0\u00bb column_shadow=\u00a0\u00bbnone\u00a0\u00bb column_border_radius=\u00a0\u00bbnone\u00a0\u00bb width=\u00a0\u00bb1\/1&Prime; tablet_width_inherit=\u00a0\u00bbdefault\u00a0\u00bb tablet_text_alignment=\u00a0\u00bbdefault\u00a0\u00bb phone_text_alignment=\u00a0\u00bbdefault\u00a0\u00bb overlay_strength=\u00a0\u00bb0.3&Prime; column_border_width=\u00a0\u00bbnone\u00a0\u00bb column_border_style=\u00a0\u00bbsolid\u00a0\u00bb bg_image_animation=\u00a0\u00bbnone\u00a0\u00bb][vc_column_text el_class=\u00a0\u00bbtitre_grand\u00a0\u00bb]\n<h1>Rejoignez un Concept Unique<br \/>\n<em>avec un Potentiel de Croissance Mondiale<\/em><\/h1>\n[\/vc_column_text][nectar_btn size=\u00a0\u00bbsmall\u00a0\u00bb open_new_tab=\u00a0\u00bbtrue\u00a0\u00bb button_style=\u00a0\u00bbsee-through\u00a0\u00bb button_color_2=\u00a0\u00bbAccent-Color\u00a0\u00bb icon_family=\u00a0\u00bbnone\u00a0\u00bb el_class=\u00a0\u00bbbtn_home_header\u00a0\u00bb url=\u00a0\u00bbhttps:\/\/franchise.piri-piri.ca\/wp-content\/uploads\/2023\/03\/brochurefranchises-2023-fr.pdf\u00a0\u00bb text=\u00a0\u00bbT\u00c9L\u00c9CHARGER LA BROCHURE DE FRANCHISE\u00a0\u00bb][\/vc_column][\/vc_row][vc_row type=\u00a0\u00bbfull_width_background\u00a0\u00bb full_screen_row_position=\u00a0\u00bbmiddle\u00a0\u00bb equal_height=\u00a0\u00bbyes\u00a0\u00bb column_margin=\u00a0\u00bbdefault\u00a0\u00bb scene_position=\u00a0\u00bbcenter\u00a0\u00bb text_color=\u00a0\u00bbdark\u00a0\u00bb text_align=\u00a0\u00bbleft\u00a0\u00bb overlay_strength=\u00a0\u00bb0.3&Prime; shape_divider_position=\u00a0\u00bbbottom\u00a0\u00bb bg_image_animation=\u00a0\u00bbnone\u00a0\u00bb shape_type=\u00a0\u00bb\u00a0\u00bb][vc_column column_padding=\u00a0\u00bbno-extra-padding\u00a0\u00bb column_padding_position=\u00a0\u00bball\u00a0\u00bb background_color_opacity=\u00a0\u00bb1&Prime; background_hover_color_opacity=\u00a0\u00bb1&Prime; column_link_target=\u00a0\u00bb_self\u00a0\u00bb column_shadow=\u00a0\u00bbnone\u00a0\u00bb column_border_radius=\u00a0\u00bbnone\u00a0\u00bb width=\u00a0\u00bb1\/1&Prime; tablet_width_inherit=\u00a0\u00bbdefault\u00a0\u00bb tablet_text_alignment=\u00a0\u00bbdefault\u00a0\u00bb phone_text_alignment=\u00a0\u00bbdefault\u00a0\u00bb overlay_strength=\u00a0\u00bb0.3&Prime; column_border_width=\u00a0\u00bbnone\u00a0\u00bb column_border_style=\u00a0\u00bbsolid\u00a0\u00bb bg_image_animation=\u00a0\u00bbnone\u00a0\u00bb][vc_column_text el_class=\u00a0\u00bbwidth_container_2 padding_bottom\u00a0\u00bb]\n<h3 style=\"text-align: center;\">Chez \u00ab Les R\u00f4tisseries PIRI PIRI\u00bb, nous croyons qu&rsquo;il est grand temps de pr\u00e9senter notre concept \u00e9prouv\u00e9 et r\u00e9ussi non seulement au Qu\u00e9bec et au Canada, mais dans le monde tout entier !<\/h3>\n[\/vc_column_text][vc_row_inner column_margin=\u00a0\u00bbdefault\u00a0\u00bb text_align=\u00a0\u00bbleft\u00a0\u00bb][vc_column_inner column_padding=\u00a0\u00bbno-extra-padding\u00a0\u00bb column_padding_position=\u00a0\u00bball\u00a0\u00bb background_color_opacity=\u00a0\u00bb1&Prime; background_hover_color_opacity=\u00a0\u00bb1&Prime; column_shadow=\u00a0\u00bbnone\u00a0\u00bb column_border_radius=\u00a0\u00bbnone\u00a0\u00bb column_link_target=\u00a0\u00bb_self\u00a0\u00bb el_class=\u00a0\u00bbbg_rouge push_left\u00a0\u00bb width=\u00a0\u00bb1\/2&Prime; tablet_width_inherit=\u00a0\u00bbdefault\u00a0\u00bb overlay_strength=\u00a0\u00bb0.3&Prime; column_border_width=\u00a0\u00bbnone\u00a0\u00bb column_border_style=\u00a0\u00bbsolid\u00a0\u00bb bg_image_animation=\u00a0\u00bbnone\u00a0\u00bb][image_with_animation image_url=\u00a0\u00bb62383&Prime; alignment=\u00a0\u00bb\u00a0\u00bb animation=\u00a0\u00bbFade In\u00a0\u00bb hover_animation=\u00a0\u00bbnone\u00a0\u00bb border_radius=\u00a0\u00bbnone\u00a0\u00bb box_shadow=\u00a0\u00bbnone\u00a0\u00bb image_loading=\u00a0\u00bbdefault\u00a0\u00bb max_width=\u00a0\u00bb100%\u00a0\u00bb max_width_mobile=\u00a0\u00bbdefault\u00a0\u00bb margin_bottom=\u00a0\u00bb50&Prime;][\/vc_column_inner][vc_column_inner column_padding=\u00a0\u00bbno-extra-padding\u00a0\u00bb column_padding_position=\u00a0\u00bball\u00a0\u00bb background_color_opacity=\u00a0\u00bb1&Prime; background_hover_color_opacity=\u00a0\u00bb1&Prime; column_shadow=\u00a0\u00bbnone\u00a0\u00bb column_border_radius=\u00a0\u00bbnone\u00a0\u00bb column_link_target=\u00a0\u00bb_self\u00a0\u00bb width=\u00a0\u00bb1\/2&Prime; tablet_width_inherit=\u00a0\u00bbdefault\u00a0\u00bb overlay_strength=\u00a0\u00bb0.3&Prime; column_border_width=\u00a0\u00bbnone\u00a0\u00bb column_border_style=\u00a0\u00bbsolid\u00a0\u00bb bg_image_animation=\u00a0\u00bbnone\u00a0\u00bb][vc_column_text el_class=\u00a0\u00bbpadding_right\u00a0\u00bb]\u00ab Les R\u00f4tisseries Piri Piri \u00bb, est une r\u00e9volution dans l&rsquo;industrie de la restauration \u00e0 service rapide o\u00f9 de la bonne nourriture fra\u00eeche est pr\u00e9par\u00e9e rapidement devant les clients. Nous nous diff\u00e9rencions, entre autres, de la restauration rapide conventionnelle par la qualit\u00e9 et la fra\u00eecheur de nos aliments. En bref, de la vraie nourriture de style maison aux saveurs authentiques, servie rapidement !<\/p>\n<p>Les clients de Montr\u00e9al et les visiteurs adorent notre concept, ils raffolent de nos mets et de notre sauce sp\u00e9ciale PIRI PIRI piquante ou douce garnie sur notre poulet frais marin\u00e9 pr\u00e9par\u00e9 sous leurs yeux.<\/p>\n<p>\u00ab\u00a0Les R\u00f4tisseries PIRI PIRI \u00a0\u00bb se distingue de ses comp\u00e9titeurs par son go\u00fbt et ses m\u00e9thodes op\u00e9rationnelles uniques, c&rsquo;est un concept que vous ne retrouvez nulle part dans l&rsquo;industrie de la franchise \u00ab Quick Service Restaurant \u00bb \u00ab QSR \u00bb.<\/p>\n<p>Apr\u00e8s 5 R\u00f4tisseries en op\u00e9ration et 10 ans en affaires, nous offrons maintenant des opportunit\u00e9s de Franchise aux particuliers, aux entrepreneurs et aux exploitants de plusieurs unit\u00e9s. En vous joignant \u00e0 notre grande famille des R\u00f4tisseries Piri Piri, vous participerez \u00e0 diffuser ce concept prodigieux partout au Canada et ainsi b\u00e9n\u00e9ficierez de sa forte croissance et de son effervescence.<\/p>\n<p>Si vous connaissez Les R\u00f4tisseries PIRI PIRI, que vous y appr\u00e9ciez sa nourriture authentique, croyez comme nous \u00e0 son excellent concept de restauration rapide comme \u00e9tant une v\u00e9ritable opportunit\u00e9 d&rsquo;affaire, que vous \u00eates pr\u00eat \u00e0 exploiter un restaurant au concept unique et que vous \u00eates d\u00e9termin\u00e9 \u00e0 vous lancer en affaires, que vous songez \u00e0 vous joindre \u00e0 une banni\u00e8re franchis\u00e9e et que vous croyez avoir les qualifications n\u00e9cessaires pour poss\u00e9der une Franchise, alors nous vous invitons \u00e0 nous contacter ou \u00e0 nous \u00e9crire d\u00e8s MAINTENANT!<\/p>\n<p>Pour vous aider \u00e0 mieux comprendre notre syst\u00e8me et processus de franchise, vous trouverez ci-dessous des informations suppl\u00e9mentaires \u00e0 prendre en compte.[\/vc_column_text][\/vc_column_inner][\/vc_row_inner][divider line_type=\u00a0\u00bbNo Line\u00a0\u00bb][vc_video link=\u00a0\u00bbhttps:\/\/www.youtube.com\/watch?v=GVepEm0XyuQ\u00a0\u00bb el_width=\u00a0\u00bb60&Prime; align=\u00a0\u00bbcenter\u00a0\u00bb][\/vc_column][\/vc_row][vc_row type=\u00a0\u00bbfull_width_background\u00a0\u00bb full_screen_row_position=\u00a0\u00bbmiddle\u00a0\u00bb column_margin=\u00a0\u00bbdefault\u00a0\u00bb bg_image=\u00a0\u00bb60928&Prime; bg_position=\u00a0\u00bbcenter center\u00a0\u00bb bg_repeat=\u00a0\u00bbno-repeat\u00a0\u00bb scene_position=\u00a0\u00bbcenter\u00a0\u00bb layer_one_image=\u00a0\u00bb60928&Prime; layer_one_strength=\u00a0\u00bb0&Prime; text_color=\u00a0\u00bbdark\u00a0\u00bb text_align=\u00a0\u00bbcenter\u00a0\u00bb class=\u00a0\u00bbombre_top ombre_bottom bg_fixed\u00a0\u00bb overlay_strength=\u00a0\u00bb0.3&Prime; shape_divider_position=\u00a0\u00bbbottom\u00a0\u00bb bg_image_animation=\u00a0\u00bbfade-in\u00a0\u00bb parallax_bg=\u00a0\u00bbtrue\u00a0\u00bb parallax_bg_speed=\u00a0\u00bbfixed\u00a0\u00bb shape_type=\u00a0\u00bb\u00a0\u00bb][vc_column column_padding=\u00a0\u00bbno-extra-padding\u00a0\u00bb column_padding_position=\u00a0\u00bball\u00a0\u00bb background_color_opacity=\u00a0\u00bb1&Prime; background_hover_color_opacity=\u00a0\u00bb1&Prime; column_link_target=\u00a0\u00bb_self\u00a0\u00bb column_shadow=\u00a0\u00bbnone\u00a0\u00bb column_border_radius=\u00a0\u00bbnone\u00a0\u00bb width=\u00a0\u00bb1\/1&Prime; tablet_width_inherit=\u00a0\u00bbdefault\u00a0\u00bb tablet_text_alignment=\u00a0\u00bbdefault\u00a0\u00bb phone_text_alignment=\u00a0\u00bbdefault\u00a0\u00bb overlay_strength=\u00a0\u00bb0.3&Prime; column_border_width=\u00a0\u00bbnone\u00a0\u00bb column_border_style=\u00a0\u00bbsolid\u00a0\u00bb bg_image_animation=\u00a0\u00bbnone\u00a0\u00bb][vc_column_text]\n<h2>Le poulet Piri Piri ? Ils ne peuvent plus s&rsquo;en passer !<\/h2>\n[\/vc_column_text][vc_column_text]<div class=\"temoignages\">\n        \n        <div class=\"swiper-container\">\n            \n            <div class=\"swiper-wrapper\"><div class=\"swiper-slide\">\n                    <div class=\"temoignage\">\n                        <div class=\"photo\">\n                            <img decoding=\"async\" src=\"https:\/\/franchise.piri-piri.ca\/wp-content\/uploads\/2020\/09\/marcos-paulo-prado-sr1txyv3eyi-unsplash-140x140.jpg\" alt=\"Ben K.\" \/>\n                        <\/div>\n                        <div class=\"le_temoignage\"><p>C&rsquo;est la premi\u00e8re fois que je mangeais de la nourriture portugaise et c&rsquo;\u00e9tait incroyable. Le poulet \u00e9tait savoureux et la taille des portions \u00e9tait tr\u00e8s bonne pour le prix. J&rsquo;ai pris la salade C\u00e9sar au poulet et ma copine a pris les ailes et les pommes de terre. Elle a appr\u00e9ci\u00e9 chaque bouch\u00e9es de son plat. J&rsquo;y suis retourn\u00e9 une deuxi\u00e8me fois et j&rsquo;ai repris la salade. C&rsquo;est un endroit g\u00e9nial. Personnel tr\u00e8s sympathique.<\/p>\n<\/div>\n                        <div class=\"temoigneur\">Ben K.<\/div>\n\n                    <\/div>\n\n\n                <\/div><div class=\"swiper-slide\">\n                    <div class=\"temoignage\">\n                        <div class=\"photo\">\n                            <img decoding=\"async\" src=\"https:\/\/franchise.piri-piri.ca\/wp-content\/uploads\/2020\/09\/leyli-nova-gd0qpytevfy-unsplash-1-140x140.jpg\" alt=\"Kamy D.\" \/>\n                        <\/div>\n                        <div class=\"le_temoignage\"><p>Des assiettes g\u00e9antes, de la nourriture d\u00e9licieuse et des prix abordables ! Enfin et surtout, un service client\u00e8le tr\u00e8s convivial !<\/p>\n<\/div>\n                        <div class=\"temoigneur\">Kamy D.<\/div>\n\n                    <\/div>\n\n\n                <\/div><div class=\"swiper-slide\">\n                    <div class=\"temoignage\">\n                        <div class=\"photo\">\n                            <img decoding=\"async\" src=\"https:\/\/franchise.piri-piri.ca\/wp-content\/uploads\/2020\/09\/josh-hild-tkn-iztevgo-unsplash-140x140.jpg\" alt=\"Lamya F.\" \/>\n                        <\/div>\n                        <div class=\"le_temoignage\"><p>Un bon endroit avec un personnel amical et g\u00e9n\u00e9reux premi\u00e8re fois que je prends une poutine avec moiti\u00e9 frites et moiti\u00e9 pomme de terre c&rsquo;\u00e9tait copieux et d\u00e9licieux j&rsquo;en lai eu pour le d\u00e9jeuner et le d\u00eener, succulent !<\/p>\n<\/div>\n                        <div class=\"temoigneur\">Lamya F.<\/div>\n\n                    <\/div>\n\n\n                <\/div><div class=\"swiper-slide\">\n                    <div class=\"temoignage\">\n                        <div class=\"photo\">\n                            <img decoding=\"async\" src=\"https:\/\/franchise.piri-piri.ca\/wp-content\/uploads\/2020\/09\/michael-descharles-er915htnuna-unsplash-140x140.jpg\" alt=\"Karim D.\" \/>\n                        <\/div>\n                        <div class=\"le_temoignage\"><p>Un d\u00e9licieux sandwich au poulet et des pommes de terre absolument divines ! Ne manquez pas cet authentique restaurant de poulet portugais \u00e0 Montr\u00e9al !<\/p>\n<\/div>\n                        <div class=\"temoigneur\">Karim D.<\/div>\n\n                    <\/div>\n\n\n                <\/div><div class=\"swiper-slide\">\n                    <div class=\"temoignage\">\n                        <div class=\"photo\">\n                            <img decoding=\"async\" src=\"https:\/\/franchise.piri-piri.ca\/wp-content\/uploads\/2020\/09\/kelly-sikkema-ymr0civxle0-unsplash-140x140.jpg\" alt=\"Surine R.\" \/>\n                        <\/div>\n                        <div class=\"le_temoignage\"><p>Cet endroit c&rsquo;est de la bombe! J&rsquo;ai pris l&rsquo;assiette Deluxe chez Uber Eats et j&rsquo;ai \u00e9t\u00e9 livr\u00e9 en 30 minutes. Le sandwich au poulet \u00e9tait incroyable. Leurs frites sont excellentes aussi, tout comme les pommes de terre. Le riz est bien assaisonn\u00e9 et j&rsquo;ai aussi re\u00e7u une salade \u00e0 part. Les portions sont \u00e9normes pour le prix.<\/p>\n<\/div>\n                        <div class=\"temoigneur\">Surine R.<\/div>\n\n                    <\/div>\n\n\n                <\/div><div class=\"swiper-slide\">\n                    <div class=\"temoignage\">\n                        <div class=\"photo\">\n                            <img decoding=\"async\" src=\"https:\/\/franchise.piri-piri.ca\/wp-content\/uploads\/2020\/09\/shotinraww-gyezihybwzi-unsplash-140x140.jpg\" alt=\"Randy T\" \/>\n                        <\/div>\n                        <div class=\"le_temoignage\"><p>J&rsquo;adore cet endroit, de bons sandwiches, de bonnes salades, du bon poulet, une poutine incroyable et leur sandwich de luxe est une merveille. Toujours propre. Vous voulez de la restauration rapide ? Essayez cet endroit si vous aimez la viande. En plus le personnel est toujours souriant et je recommande \u00e0 100%, l&rsquo;un des meilleurs restaurants que je connaisse en ville.<\/p>\n<\/div>\n                        <div class=\"temoigneur\">Randy T<\/div>\n\n                    <\/div>\n\n\n                <\/div><\/div>\n            \n            <div class=\"swiper-pagination\"><\/div>\n\n            \n            <div class=\"swiper-button-prev\"><\/div>\n            <div class=\"swiper-button-next\"><\/div>\n\n            \n            <div class=\"swiper-scrollbar\"><\/div>\n        <\/div>\n    <\/div>[\/vc_column_text][\/vc_column][\/vc_row]\n","protected":false},"excerpt":{"rendered":"<p>[vc_row type=\u00a0\u00bbfull_width_background\u00a0\u00bb full_screen_row_position=\u00a0\u00bbmiddle\u00a0\u00bb column_margin=\u00a0\u00bbdefault\u00a0\u00bb bg_image=\u00a0\u00bb63039&Prime; bg_position=\u00a0\u00bbcenter center\u00a0\u00bb bg_repeat=\u00a0\u00bbno-repeat\u00a0\u00bb scene_position=\u00a0\u00bbcenter\u00a0\u00bb text_color=\u00a0\u00bbdark\u00a0\u00bb text_align=\u00a0\u00bbleft\u00a0\u00bb id=\u00a0\u00bbbanner_page\u00a0\u00bb color_overlay=\u00a0\u00bb#0a0a0a\u00a0\u00bb overlay_strength=\u00a0\u00bb0.3&Prime; shape_divider_position=\u00a0\u00bbbottom\u00a0\u00bb bg_image_animation=\u00a0\u00bbnone\u00a0\u00bb shape_type=\u00a0\u00bb\u00a0\u00bb][vc_column column_padding=\u00a0\u00bbno-extra-padding\u00a0\u00bb column_padding_position=\u00a0\u00bball\u00a0\u00bb background_color_opacity=\u00a0\u00bb1&Prime; background_hover_color_opacity=\u00a0\u00bb1&Prime; column_link_target=\u00a0\u00bb_self\u00a0\u00bb column_shadow=\u00a0\u00bbnone\u00a0\u00bb column_border_radius=\u00a0\u00bbnone\u00a0\u00bb width=\u00a0\u00bb1\/1&Prime; tablet_width_inherit=\u00a0\u00bbdefault\u00a0\u00bb tablet_text_alignment=\u00a0\u00bbdefault\u00a0\u00bb phone_text_alignment=\u00a0\u00bbdefault\u00a0\u00bb overlay_strength=\u00a0\u00bb0.3&Prime; column_border_width=\u00a0\u00bbnone\u00a0\u00bb&#8230;<\/p>\n","protected":false},"author":1,"featured_media":0,"parent":0,"menu_order":0,"comment_status":"open","ping_status":"open","template":"page-a-propos.php","meta":{"footnotes":""},"yoast_head":"<!-- This site is optimized with the Yoast SEO plugin v22.2 - https:\/\/yoast.com\/wordpress\/plugins\/seo\/ -->\n<title>Accueil | Piri Piri | Opportunit\u00e9 de Franchise<\/title>\n<meta name=\"description\" content=\"Rejoignez un concept uniqueavec un potentiel de croissance mondial\" \/>\n<meta name=\"robots\" content=\"index, follow, max-snippet:-1, max-image-preview:large, max-video-preview:-1\" \/>\n<link rel=\"canonical\" href=\"https:\/\/franchise.piri-piri.ca\/fr\/\" \/>\n<meta property=\"og:locale\" content=\"fr_FR\" \/>\n<meta property=\"og:type\" content=\"article\" \/>\n<meta property=\"og:title\" content=\"Accueil | Piri Piri | Opportunit\u00e9 de Franchise\" \/>\n<meta property=\"og:description\" content=\"Rejoignez un concept uniqueavec un potentiel de croissance mondial\" \/>\n<meta property=\"og:url\" content=\"https:\/\/franchise.piri-piri.ca\/fr\/\" \/>\n<meta property=\"og:site_name\" content=\"Piri Piri\" \/>\n<meta property=\"article:modified_time\" content=\"2024-03-07T18:15:07+00:00\" \/>\n<meta name=\"twitter:label1\" content=\"Dur\u00e9e de lecture estim\u00e9e\" \/>\n\t<meta name=\"twitter:data1\" content=\"5 minutes\" \/>\n<script type=\"application\/ld+json\" class=\"yoast-schema-graph\">{\"@context\":\"https:\/\/schema.org\",\"@graph\":[{\"@type\":\"WebPage\",\"@id\":\"https:\/\/franchise.piri-piri.ca\/fr\/\",\"url\":\"https:\/\/franchise.piri-piri.ca\/fr\/\",\"name\":\"Accueil | Piri Piri | Opportunit\u00e9 de Franchise\",\"isPartOf\":{\"@id\":\"https:\/\/franchise.piri-piri.ca\/fr\/#website\"},\"datePublished\":\"2014-11-18T22:02:08+00:00\",\"dateModified\":\"2024-03-07T18:15:07+00:00\",\"description\":\"Rejoignez un concept uniqueavec un potentiel de croissance mondial\",\"breadcrumb\":{\"@id\":\"https:\/\/franchise.piri-piri.ca\/fr\/#breadcrumb\"},\"inLanguage\":\"fr-FR\",\"potentialAction\":[{\"@type\":\"ReadAction\",\"target\":[\"https:\/\/franchise.piri-piri.ca\/fr\/\"]}]},{\"@type\":\"BreadcrumbList\",\"@id\":\"https:\/\/franchise.piri-piri.ca\/fr\/#breadcrumb\",\"itemListElement\":[{\"@type\":\"ListItem\",\"position\":1,\"name\":\"Accueil\",\"item\":\"https:\/\/franchise.piri-piri.ca\/fr\/\"},{\"@type\":\"ListItem\",\"position\":2,\"name\":\"Accueil\"}]},{\"@type\":\"WebSite\",\"@id\":\"https:\/\/franchise.piri-piri.ca\/fr\/#website\",\"url\":\"https:\/\/franchise.piri-piri.ca\/fr\/\",\"name\":\"Piri Piri\",\"description\":\"Piri Piri \",\"potentialAction\":[{\"@type\":\"SearchAction\",\"target\":{\"@type\":\"EntryPoint\",\"urlTemplate\":\"https:\/\/franchise.piri-piri.ca\/fr\/?s={search_term_string}\"},\"query-input\":\"required name=search_term_string\"}],\"inLanguage\":\"fr-FR\"}]}<\/script>\n<!-- \/ Yoast SEO plugin. -->","yoast_head_json":{"title":"Accueil | Piri Piri | Opportunit\u00e9 de Franchise","description":"Rejoignez un concept uniqueavec un potentiel de croissance mondial","robots":{"index":"index","follow":"follow","max-snippet":"max-snippet:-1","max-image-preview":"max-image-preview:large","max-video-preview":"max-video-preview:-1"},"canonical":"https:\/\/franchise.piri-piri.ca\/fr\/","og_locale":"fr_FR","og_type":"article","og_title":"Accueil | Piri Piri | Opportunit\u00e9 de Franchise","og_description":"Rejoignez un concept uniqueavec un potentiel de croissance mondial","og_url":"https:\/\/franchise.piri-piri.ca\/fr\/","og_site_name":"Piri Piri","article_modified_time":"2024-03-07T18:15:07+00:00","twitter_misc":{"Dur\u00e9e de lecture estim\u00e9e":"5 minutes"},"schema":{"@context":"https:\/\/schema.org","@graph":[{"@type":"WebPage","@id":"https:\/\/franchise.piri-piri.ca\/fr\/","url":"https:\/\/franchise.piri-piri.ca\/fr\/","name":"Accueil | Piri Piri | Opportunit\u00e9 de Franchise","isPartOf":{"@id":"https:\/\/franchise.piri-piri.ca\/fr\/#website"},"datePublished":"2014-11-18T22:02:08+00:00","dateModified":"2024-03-07T18:15:07+00:00","description":"Rejoignez un concept uniqueavec un potentiel de croissance mondial","breadcrumb":{"@id":"https:\/\/franchise.piri-piri.ca\/fr\/#breadcrumb"},"inLanguage":"fr-FR","potentialAction":[{"@type":"ReadAction","target":["https:\/\/franchise.piri-piri.ca\/fr\/"]}]},{"@type":"BreadcrumbList","@id":"https:\/\/franchise.piri-piri.ca\/fr\/#breadcrumb","itemListElement":[{"@type":"ListItem","position":1,"name":"Accueil","item":"https:\/\/franchise.piri-piri.ca\/fr\/"},{"@type":"ListItem","position":2,"name":"Accueil"}]},{"@type":"WebSite","@id":"https:\/\/franchise.piri-piri.ca\/fr\/#website","url":"https:\/\/franchise.piri-piri.ca\/fr\/","name":"Piri Piri","description":"Piri Piri ","potentialAction":[{"@type":"SearchAction","target":{"@type":"EntryPoint","urlTemplate":"https:\/\/franchise.piri-piri.ca\/fr\/?s={search_term_string}"},"query-input":"required name=search_term_string"}],"inLanguage":"fr-FR"}]}},"_links":{"self":[{"href":"https:\/\/franchise.piri-piri.ca\/fr\/wp-json\/wp\/v2\/pages\/14"}],"collection":[{"href":"https:\/\/franchise.piri-piri.ca\/fr\/wp-json\/wp\/v2\/pages"}],"about":[{"href":"https:\/\/franchise.piri-piri.ca\/fr\/wp-json\/wp\/v2\/types\/page"}],"author":[{"embeddable":true,"href":"https:\/\/franchise.piri-piri.ca\/fr\/wp-json\/wp\/v2\/users\/1"}],"replies":[{"embeddable":true,"href":"https:\/\/franchise.piri-piri.ca\/fr\/wp-json\/wp\/v2\/comments?post=14"}],"version-history":[{"count":56,"href":"https:\/\/franchise.piri-piri.ca\/fr\/wp-json\/wp\/v2\/pages\/14\/revisions"}],"predecessor-version":[{"id":63047,"href":"https:\/\/franchise.piri-piri.ca\/fr\/wp-json\/wp\/v2\/pages\/14\/revisions\/63047"}],"wp:attachment":[{"href":"https:\/\/franchise.piri-piri.ca\/fr\/wp-json\/wp\/v2\/media?parent=14"}],"curies":[{"name":"wp","href":"https:\/\/api.w.org\/{rel}","templated":true}]}}