{"id":62763,"date":"2020-11-04T13:58:37","date_gmt":"2020-11-04T18:58:37","guid":{"rendered":"https:\/\/franchise.piri-piri.ca\/?page_id=62763"},"modified":"2024-01-04T15:24:26","modified_gmt":"2024-01-04T20:24:26","slug":"etape-suivante","status":"publish","type":"page","link":"https:\/\/franchise.piri-piri.ca\/fr\/etape-suivante\/","title":{"rendered":"L\u2019\u00e9tape suivante"},"content":{"rendered":"[vc_row type=\u00a0\u00bbfull_width_background\u00a0\u00bb full_screen_row_position=\u00a0\u00bbmiddle\u00a0\u00bb column_margin=\u00a0\u00bbdefault\u00a0\u00bb bg_image=\u00a0\u00bb62467&Prime; bg_position=\u00a0\u00bbcenter center\u00a0\u00bb bg_repeat=\u00a0\u00bbno-repeat\u00a0\u00bb scene_position=\u00a0\u00bbcenter\u00a0\u00bb text_color=\u00a0\u00bbdark\u00a0\u00bb text_align=\u00a0\u00bbleft\u00a0\u00bb id=\u00a0\u00bbbanner_page\u00a0\u00bb color_overlay=\u00a0\u00bb#0a0a0a\u00a0\u00bb overlay_strength=\u00a0\u00bb0.3&Prime; shape_divider_position=\u00a0\u00bbbottom\u00a0\u00bb bg_image_animation=\u00a0\u00bbnone\u00a0\u00bb shape_type=\u00a0\u00bb\u00a0\u00bb][vc_column column_padding=\u00a0\u00bbno-extra-padding\u00a0\u00bb column_padding_position=\u00a0\u00bball\u00a0\u00bb background_color_opacity=\u00a0\u00bb1&Prime; background_hover_color_opacity=\u00a0\u00bb1&Prime; column_link_target=\u00a0\u00bb_self\u00a0\u00bb column_shadow=\u00a0\u00bbnone\u00a0\u00bb column_border_radius=\u00a0\u00bbnone\u00a0\u00bb width=\u00a0\u00bb1\/1&Prime; tablet_width_inherit=\u00a0\u00bbdefault\u00a0\u00bb tablet_text_alignment=\u00a0\u00bbdefault\u00a0\u00bb phone_text_alignment=\u00a0\u00bbdefault\u00a0\u00bb overlay_strength=\u00a0\u00bb0.3&Prime; column_border_width=\u00a0\u00bbnone\u00a0\u00bb column_border_style=\u00a0\u00bbsolid\u00a0\u00bb bg_image_animation=\u00a0\u00bbnone\u00a0\u00bb][vc_column_text el_class=\u00a0\u00bbtexte_script_grand\u00a0\u00bb]\n<h1>L\u2019\u00e9tape suivante<\/h1>\n[\/vc_column_text][\/vc_column][\/vc_row][vc_row type=\u00a0\u00bbfull_width_background\u00a0\u00bb full_screen_row_position=\u00a0\u00bbmiddle\u00a0\u00bb column_margin=\u00a0\u00bbdefault\u00a0\u00bb bg_image=\u00a0\u00bb60929&Prime; bg_position=\u00a0\u00bbleft top\u00a0\u00bb bg_repeat=\u00a0\u00bbno-repeat\u00a0\u00bb scene_position=\u00a0\u00bbcenter\u00a0\u00bb text_color=\u00a0\u00bbdark\u00a0\u00bb text_align=\u00a0\u00bbcenter\u00a0\u00bb class=\u00a0\u00bbombre_top ombre_bottom bg_fixed width_container_2 small_h3&Prime; overlay_strength=\u00a0\u00bb0.3&Prime; shape_divider_position=\u00a0\u00bbbottom\u00a0\u00bb bg_image_animation=\u00a0\u00bbnone\u00a0\u00bb parallax_bg=\u00a0\u00bbtrue\u00a0\u00bb parallax_bg_speed=\u00a0\u00bbfixed\u00a0\u00bb shape_type=\u00a0\u00bb\u00a0\u00bb][vc_column column_padding=\u00a0\u00bbno-extra-padding\u00a0\u00bb column_padding_position=\u00a0\u00bball\u00a0\u00bb background_color_opacity=\u00a0\u00bb1&Prime; background_hover_color_opacity=\u00a0\u00bb1&Prime; column_link_target=\u00a0\u00bb_self\u00a0\u00bb column_shadow=\u00a0\u00bbnone\u00a0\u00bb column_border_radius=\u00a0\u00bbnone\u00a0\u00bb width=\u00a0\u00bb1\/1&Prime; tablet_width_inherit=\u00a0\u00bbdefault\u00a0\u00bb tablet_text_alignment=\u00a0\u00bbdefault\u00a0\u00bb phone_text_alignment=\u00a0\u00bbdefault\u00a0\u00bb overlay_strength=\u00a0\u00bb0.3&Prime; column_border_width=\u00a0\u00bbnone\u00a0\u00bb column_border_style=\u00a0\u00bbsolid\u00a0\u00bb bg_image_animation=\u00a0\u00bbnone\u00a0\u00bb][vc_column_text]\n<h3>Remplir \/ soumettre la demande initiale<\/h3>\n[\/vc_column_text][image_with_animation image_url=\u00a0\u00bb62351&Prime; alignment=\u00a0\u00bbcenter\u00a0\u00bb animation=\u00a0\u00bbNone\u00a0\u00bb hover_animation=\u00a0\u00bbnone\u00a0\u00bb border_radius=\u00a0\u00bbnone\u00a0\u00bb box_shadow=\u00a0\u00bbnone\u00a0\u00bb image_loading=\u00a0\u00bbdefault\u00a0\u00bb max_width=\u00a0\u00bb100%\u00a0\u00bb max_width_mobile=\u00a0\u00bbdefault\u00a0\u00bb][vc_column_text]\n<h3>Discuter des informations financi\u00e8res<\/h3>\n[\/vc_column_text][image_with_animation image_url=\u00a0\u00bb62351&Prime; alignment=\u00a0\u00bbcenter\u00a0\u00bb animation=\u00a0\u00bbNone\u00a0\u00bb hover_animation=\u00a0\u00bbnone\u00a0\u00bb border_radius=\u00a0\u00bbnone\u00a0\u00bb box_shadow=\u00a0\u00bbnone\u00a0\u00bb image_loading=\u00a0\u00bbdefault\u00a0\u00bb max_width=\u00a0\u00bb100%\u00a0\u00bb max_width_mobile=\u00a0\u00bbdefault\u00a0\u00bb][vc_column_text]\n<h3>Signature du contrat de franchise<\/h3>\n[\/vc_column_text][image_with_animation image_url=\u00a0\u00bb62351&Prime; alignment=\u00a0\u00bbcenter\u00a0\u00bb animation=\u00a0\u00bbNone\u00a0\u00bb hover_animation=\u00a0\u00bbnone\u00a0\u00bb border_radius=\u00a0\u00bbnone\u00a0\u00bb box_shadow=\u00a0\u00bbnone\u00a0\u00bb image_loading=\u00a0\u00bbdefault\u00a0\u00bb max_width=\u00a0\u00bb100%\u00a0\u00bb max_width_mobile=\u00a0\u00bbdefault\u00a0\u00bb][vc_column_text]\n<h3>Location et construction<\/h3>\n[\/vc_column_text][image_with_animation image_url=\u00a0\u00bb62351&Prime; alignment=\u00a0\u00bbcenter\u00a0\u00bb animation=\u00a0\u00bbNone\u00a0\u00bb hover_animation=\u00a0\u00bbnone\u00a0\u00bb border_radius=\u00a0\u00bbnone\u00a0\u00bb box_shadow=\u00a0\u00bbnone\u00a0\u00bb image_loading=\u00a0\u00bbdefault\u00a0\u00bb max_width=\u00a0\u00bb100%\u00a0\u00bb max_width_mobile=\u00a0\u00bbdefault\u00a0\u00bb][vc_column_text]\n<h3>Formation<\/h3>\n[\/vc_column_text][image_with_animation image_url=\u00a0\u00bb62351&Prime; alignment=\u00a0\u00bbcenter\u00a0\u00bb animation=\u00a0\u00bbNone\u00a0\u00bb hover_animation=\u00a0\u00bbnone\u00a0\u00bb border_radius=\u00a0\u00bbnone\u00a0\u00bb box_shadow=\u00a0\u00bbnone\u00a0\u00bb image_loading=\u00a0\u00bbdefault\u00a0\u00bb max_width=\u00a0\u00bb100%\u00a0\u00bb max_width_mobile=\u00a0\u00bbdefault\u00a0\u00bb][vc_column_text]\n<h3>Ouverture<\/h3>\n[\/vc_column_text][\/vc_column][\/vc_row][vc_row type=\u00a0\u00bbfull_width_background\u00a0\u00bb full_screen_row_position=\u00a0\u00bbmiddle\u00a0\u00bb equal_height=\u00a0\u00bbyes\u00a0\u00bb column_margin=\u00a0\u00bbdefault\u00a0\u00bb scene_position=\u00a0\u00bbcenter\u00a0\u00bb text_color=\u00a0\u00bbdark\u00a0\u00bb text_align=\u00a0\u00bbleft\u00a0\u00bb class=\u00a0\u00bbwidth_container_2&Prime; overlay_strength=\u00a0\u00bb0.3&Prime; shape_divider_position=\u00a0\u00bbbottom\u00a0\u00bb bg_image_animation=\u00a0\u00bbnone\u00a0\u00bb shape_type=\u00a0\u00bb\u00a0\u00bb][vc_column column_padding=\u00a0\u00bbno-extra-padding\u00a0\u00bb column_padding_position=\u00a0\u00bball\u00a0\u00bb background_color_opacity=\u00a0\u00bb1&Prime; background_hover_color_opacity=\u00a0\u00bb1&Prime; column_link_target=\u00a0\u00bb_self\u00a0\u00bb column_shadow=\u00a0\u00bbnone\u00a0\u00bb column_border_radius=\u00a0\u00bbnone\u00a0\u00bb width=\u00a0\u00bb1\/1&Prime; tablet_width_inherit=\u00a0\u00bbdefault\u00a0\u00bb tablet_text_alignment=\u00a0\u00bbdefault\u00a0\u00bb phone_text_alignment=\u00a0\u00bbdefault\u00a0\u00bb overlay_strength=\u00a0\u00bb0.3&Prime; column_border_width=\u00a0\u00bbnone\u00a0\u00bb column_border_style=\u00a0\u00bbsolid\u00a0\u00bb bg_image_animation=\u00a0\u00bbnone\u00a0\u00bb][vc_column_text]\n<h2>FAQs<\/h2>\n[\/vc_column_text][vc_column_text el_class=\u00a0\u00bbrow_faqs\u00a0\u00bb]\n<div class=\"ligne-q\"><span class=\"let_faq\">Q.<\/span> <span class=\"txt_faq\">Quelle est la dur\u00e9e du contrat de Franchise?<\/span><\/div>\n<div class=\"ligne-a\"><span class=\"let_faq\">R.<\/span> <span class=\"txt_faq\">Terme initial de 5 ans renouvelable pour 3 termes suppl\u00e9mentaires de 5 ans chacun, \u00e0 condition que le Franchis\u00e9 soit en totale conformit\u00e9 avec les dispositions du contrat de Franchise.<\/span><\/div>\n[\/vc_column_text][vc_column_text el_class=\u00a0\u00bbrow_faqs\u00a0\u00bb]\n<div class=\"ligne-q\"><span class=\"let_faq\">Q.<\/span> <span class=\"txt_faq\">Quelles sont les frais de redevances ?<\/span><\/div>\n<div class=\"ligne-a\"><span class=\"let_faq\">R.<\/span> <span class=\"txt_faq\">5% du chiffre d&rsquo;affaire<\/span><\/div>\n[\/vc_column_text][vc_column_text el_class=\u00a0\u00bbrow_faqs\u00a0\u00bb]\n<div class=\"ligne-q\"><span class=\"let_faq\">Q.<\/span> <span class=\"txt_faq\"> Quels sont lescontributions Nationales \u00e0 la publicit\u00e9 ?<\/span><\/div>\n<div class=\"ligne-a\"><span class=\"let_faq\">R.<\/span> <span class=\"txt_faq\">2.5% des ventes nettes seront exig\u00e9es pour la Publicit\u00e9 Nationale ou R\u00e9gionale.<\/span><\/div>\n[\/vc_column_text][vc_column_text el_class=\u00a0\u00bbrow_faqs\u00a0\u00bb]\n<div class=\"ligne-q\"><span class=\"let_faq\">Q.<\/span> Y<span class=\"txt_faq\">\u00a0a-t-il d\u2019autres frais ?<br \/>\n<\/span><\/div>\n<div class=\"ligne-a\"><span class=\"let_faq\">R.<\/span> <span class=\"txt_faq\">Non, aucun<br \/>\n<\/span><\/div>\n[\/vc_column_text][vc_column_text el_class=\u00a0\u00bbrow_faqs\u00a0\u00bb]\n<div class=\"ligne-q\"><span class=\"let_faq\">Q.<\/span> <span class=\"txt_faq\">O\u00f9 dois-je acheter mes denr\u00e9es alimentaires ?<\/span><\/div>\n<div class=\"ligne-a\"><span class=\"let_faq\">R.<\/span> <span class=\"txt_faq\">Certains fournisseurs vous seront attitr\u00e9s pour certains produits. Les sauces seront exclusivement distribu\u00e9es par un tiers fournisseur des R\u00f4tisseries PIRI PIRI Franchise.<br \/>\n<\/span><\/div>\n[\/vc_column_text][vc_column_text el_class=\u00a0\u00bbrow_faqs\u00a0\u00bb]\n<div class=\"ligne-q\"><span class=\"let_faq\">Q.<\/span> <span class=\"txt_faq\">Vendez-vous des Franchises cl\u00e9 en main?<\/span><\/div>\n<div class=\"ligne-a\"><span class=\"let_faq\">R.<\/span> <span class=\"txt_faq\"> Non, nous vous assisterons dans le choix de l&#8217;emplacement, la n\u00e9gociation du bail, la s\u00e9lection d&rsquo;un contracteur g\u00e9n\u00e9ral, la supervision de la construction et l&rsquo;approvisionnement en \u00e9quipement aupr\u00e8s de fournisseurs.<br \/>\n<\/span><\/div>\n[\/vc_column_text][vc_column_text el_class=\u00a0\u00bbrow_faqs\u00a0\u00bb]\n<div class=\"ligne-q\"><span class=\"let_faq\">Q.<\/span> <span class=\"txt_faq\">Fournissez-vous une aide financi\u00e8re?<br \/>\n<\/span><\/div>\n<div class=\"ligne-a\"><span class=\"let_faq\">R.<\/span> <span class=\"txt_faq\">Non, mais nous serons heureux de vous r\u00e9f\u00e9rer \u00e0 une banque qui conna\u00eet et travaille avec PIRI PIRI Franchise. Elle se fera un plaisir de travailler avec tous franchis\u00e9s potentiels pour les pr\u00eats. Les candidats doivent cependant avoir un bon cr\u00e9dit et doivent \u00eatre approuv\u00e9s par la banque.<br \/>\n<\/span><\/div>\n[\/vc_column_text][vc_column_text el_class=\u00a0\u00bbrow_faqs\u00a0\u00bb]\n<div class=\"ligne-q\"><span class=\"let_faq\">Q.<\/span> <span class=\"txt_faq\">Combien d&rsquo;argent vais-je gagner?<\/span><\/div>\n<div class=\"ligne-a\"><span class=\"let_faq\">R.<\/span> <span class=\"txt_faq\">Aucun Franchiseur ne peut pr\u00e9dire les ventes et les b\u00e9n\u00e9fices d\u2019un franchis\u00e9; chaque restaurant est diff\u00e9rent de l&rsquo;autre. De nombreux facteurs contribuent aux revenus et aux b\u00e9n\u00e9fices nets de toute entreprise, y compris, mais sans s&rsquo;y limiter : les frais de location, les comp\u00e9tences en gestion, l&#8217;emplacement et les efforts de marketing local.<br \/>\n<\/span><\/div>\n[\/vc_column_text][vc_column_text el_class=\u00a0\u00bbrow_faqs\u00a0\u00bb]\n<div class=\"ligne-q\"><span class=\"let_faq\">Q.<\/span> <span class=\"txt_faq\">Combien de temps me faudra-t-il pour ouvrir une R\u00f4tisserie PIRI PIRI?<\/span><\/div>\n<div class=\"ligne-a\"><span class=\"let_faq\">R.<\/span> <span class=\"txt_faq\">De la signature du bail \u00e0 la prise en charge de l&#8217;emplacement, il faudra pr\u00e9voir en moyenne de 3 \u00e0 6 mois pour \u00eatre op\u00e9rationnel. Sachez que malgr\u00e9 cette estimation, nous ne pouvons pas garantir les d\u00e9lais d\u00fb fait que d\u2019une municipalit\u00e9 \u00e0 une autre le d\u00e9lai d\u2019obtention de permis peut varier et beaucoup d\u00e9pendra de la condition du local lou\u00e9.<br \/>\n<\/span><\/div>\n[\/vc_column_text][\/vc_column][\/vc_row]\n","protected":false},"excerpt":{"rendered":"<p>[vc_row type=\u00a0\u00bbfull_width_background\u00a0\u00bb full_screen_row_position=\u00a0\u00bbmiddle\u00a0\u00bb column_margin=\u00a0\u00bbdefault\u00a0\u00bb bg_image=\u00a0\u00bb62467&Prime; bg_position=\u00a0\u00bbcenter center\u00a0\u00bb bg_repeat=\u00a0\u00bbno-repeat\u00a0\u00bb scene_position=\u00a0\u00bbcenter\u00a0\u00bb text_color=\u00a0\u00bbdark\u00a0\u00bb text_align=\u00a0\u00bbleft\u00a0\u00bb id=\u00a0\u00bbbanner_page\u00a0\u00bb color_overlay=\u00a0\u00bb#0a0a0a\u00a0\u00bb overlay_strength=\u00a0\u00bb0.3&Prime; shape_divider_position=\u00a0\u00bbbottom\u00a0\u00bb bg_image_animation=\u00a0\u00bbnone\u00a0\u00bb shape_type=\u00a0\u00bb\u00a0\u00bb][vc_column column_padding=\u00a0\u00bbno-extra-padding\u00a0\u00bb column_padding_position=\u00a0\u00bball\u00a0\u00bb background_color_opacity=\u00a0\u00bb1&Prime; background_hover_color_opacity=\u00a0\u00bb1&Prime; column_link_target=\u00a0\u00bb_self\u00a0\u00bb column_shadow=\u00a0\u00bbnone\u00a0\u00bb column_border_radius=\u00a0\u00bbnone\u00a0\u00bb width=\u00a0\u00bb1\/1&Prime; tablet_width_inherit=\u00a0\u00bbdefault\u00a0\u00bb tablet_text_alignment=\u00a0\u00bbdefault\u00a0\u00bb phone_text_alignment=\u00a0\u00bbdefault\u00a0\u00bb overlay_strength=\u00a0\u00bb0.3&Prime; column_border_width=\u00a0\u00bbnone\u00a0\u00bb&#8230;<\/p>\n","protected":false},"author":1,"featured_media":0,"parent":0,"menu_order":0,"comment_status":"closed","ping_status":"closed","template":"","meta":{"footnotes":""},"yoast_head":"<!-- This site is optimized with the Yoast SEO plugin v22.2 - https:\/\/yoast.com\/wordpress\/plugins\/seo\/ -->\n<title>L\u2019\u00e9tape suivante | Piri Piri<\/title>\n<meta name=\"robots\" content=\"index, follow, max-snippet:-1, max-image-preview:large, max-video-preview:-1\" \/>\n<link rel=\"canonical\" href=\"https:\/\/franchise.piri-piri.ca\/fr\/etape-suivante\/\" \/>\n<meta property=\"og:locale\" content=\"fr_FR\" \/>\n<meta property=\"og:type\" content=\"article\" \/>\n<meta property=\"og:title\" content=\"L\u2019\u00e9tape suivante | Piri Piri\" \/>\n<meta property=\"og:description\" content=\"[vc_row type=\u00a0\u00bbfull_width_background\u00a0\u00bb full_screen_row_position=\u00a0\u00bbmiddle\u00a0\u00bb column_margin=\u00a0\u00bbdefault\u00a0\u00bb bg_image=\u00a0\u00bb62467&Prime; bg_position=\u00a0\u00bbcenter center\u00a0\u00bb bg_repeat=\u00a0\u00bbno-repeat\u00a0\u00bb scene_position=\u00a0\u00bbcenter\u00a0\u00bb text_color=\u00a0\u00bbdark\u00a0\u00bb text_align=\u00a0\u00bbleft\u00a0\u00bb id=\u00a0\u00bbbanner_page\u00a0\u00bb color_overlay=\u00a0\u00bb#0a0a0a\u00a0\u00bb overlay_strength=\u00a0\u00bb0.3&Prime; shape_divider_position=\u00a0\u00bbbottom\u00a0\u00bb bg_image_animation=\u00a0\u00bbnone\u00a0\u00bb shape_type=\u00a0\u00bb\u00a0\u00bb][vc_column column_padding=\u00a0\u00bbno-extra-padding\u00a0\u00bb column_padding_position=\u00a0\u00bball\u00a0\u00bb background_color_opacity=\u00a0\u00bb1&Prime; background_hover_color_opacity=\u00a0\u00bb1&Prime; column_link_target=\u00a0\u00bb_self\u00a0\u00bb column_shadow=\u00a0\u00bbnone\u00a0\u00bb column_border_radius=\u00a0\u00bbnone\u00a0\u00bb width=\u00a0\u00bb1\/1&Prime; tablet_width_inherit=\u00a0\u00bbdefault\u00a0\u00bb tablet_text_alignment=\u00a0\u00bbdefault\u00a0\u00bb phone_text_alignment=\u00a0\u00bbdefault\u00a0\u00bb overlay_strength=\u00a0\u00bb0.3&Prime; column_border_width=\u00a0\u00bbnone\u00a0\u00bb...\" \/>\n<meta property=\"og:url\" content=\"https:\/\/franchise.piri-piri.ca\/fr\/etape-suivante\/\" \/>\n<meta property=\"og:site_name\" content=\"Piri Piri\" \/>\n<meta property=\"article:modified_time\" content=\"2024-01-04T20:24:26+00:00\" \/>\n<meta name=\"twitter:label1\" content=\"Dur\u00e9e de lecture estim\u00e9e\" \/>\n\t<meta name=\"twitter:data1\" content=\"5 minutes\" \/>\n<script type=\"application\/ld+json\" class=\"yoast-schema-graph\">{\"@context\":\"https:\/\/schema.org\",\"@graph\":[{\"@type\":\"WebPage\",\"@id\":\"https:\/\/franchise.piri-piri.ca\/fr\/etape-suivante\/\",\"url\":\"https:\/\/franchise.piri-piri.ca\/fr\/etape-suivante\/\",\"name\":\"L\u2019\u00e9tape suivante | Piri Piri\",\"isPartOf\":{\"@id\":\"https:\/\/franchise.piri-piri.ca\/fr\/#website\"},\"datePublished\":\"2020-11-04T18:58:37+00:00\",\"dateModified\":\"2024-01-04T20:24:26+00:00\",\"breadcrumb\":{\"@id\":\"https:\/\/franchise.piri-piri.ca\/fr\/etape-suivante\/#breadcrumb\"},\"inLanguage\":\"fr-FR\",\"potentialAction\":[{\"@type\":\"ReadAction\",\"target\":[\"https:\/\/franchise.piri-piri.ca\/fr\/etape-suivante\/\"]}]},{\"@type\":\"BreadcrumbList\",\"@id\":\"https:\/\/franchise.piri-piri.ca\/fr\/etape-suivante\/#breadcrumb\",\"itemListElement\":[{\"@type\":\"ListItem\",\"position\":1,\"name\":\"Accueil\",\"item\":\"https:\/\/franchise.piri-piri.ca\/fr\/\"},{\"@type\":\"ListItem\",\"position\":2,\"name\":\"L\u2019\u00e9tape suivante\"}]},{\"@type\":\"WebSite\",\"@id\":\"https:\/\/franchise.piri-piri.ca\/fr\/#website\",\"url\":\"https:\/\/franchise.piri-piri.ca\/fr\/\",\"name\":\"Piri Piri\",\"description\":\"Piri Piri \",\"potentialAction\":[{\"@type\":\"SearchAction\",\"target\":{\"@type\":\"EntryPoint\",\"urlTemplate\":\"https:\/\/franchise.piri-piri.ca\/fr\/?s={search_term_string}\"},\"query-input\":\"required name=search_term_string\"}],\"inLanguage\":\"fr-FR\"}]}<\/script>\n<!-- \/ Yoast SEO plugin. -->","yoast_head_json":{"title":"L\u2019\u00e9tape suivante | Piri Piri","robots":{"index":"index","follow":"follow","max-snippet":"max-snippet:-1","max-image-preview":"max-image-preview:large","max-video-preview":"max-video-preview:-1"},"canonical":"https:\/\/franchise.piri-piri.ca\/fr\/etape-suivante\/","og_locale":"fr_FR","og_type":"article","og_title":"L\u2019\u00e9tape suivante | Piri Piri","og_description":"[vc_row type=\u00a0\u00bbfull_width_background\u00a0\u00bb full_screen_row_position=\u00a0\u00bbmiddle\u00a0\u00bb column_margin=\u00a0\u00bbdefault\u00a0\u00bb bg_image=\u00a0\u00bb62467&Prime; bg_position=\u00a0\u00bbcenter center\u00a0\u00bb bg_repeat=\u00a0\u00bbno-repeat\u00a0\u00bb scene_position=\u00a0\u00bbcenter\u00a0\u00bb text_color=\u00a0\u00bbdark\u00a0\u00bb text_align=\u00a0\u00bbleft\u00a0\u00bb id=\u00a0\u00bbbanner_page\u00a0\u00bb color_overlay=\u00a0\u00bb#0a0a0a\u00a0\u00bb overlay_strength=\u00a0\u00bb0.3&Prime; shape_divider_position=\u00a0\u00bbbottom\u00a0\u00bb bg_image_animation=\u00a0\u00bbnone\u00a0\u00bb shape_type=\u00a0\u00bb\u00a0\u00bb][vc_column column_padding=\u00a0\u00bbno-extra-padding\u00a0\u00bb column_padding_position=\u00a0\u00bball\u00a0\u00bb background_color_opacity=\u00a0\u00bb1&Prime; background_hover_color_opacity=\u00a0\u00bb1&Prime; column_link_target=\u00a0\u00bb_self\u00a0\u00bb column_shadow=\u00a0\u00bbnone\u00a0\u00bb column_border_radius=\u00a0\u00bbnone\u00a0\u00bb width=\u00a0\u00bb1\/1&Prime; tablet_width_inherit=\u00a0\u00bbdefault\u00a0\u00bb tablet_text_alignment=\u00a0\u00bbdefault\u00a0\u00bb phone_text_alignment=\u00a0\u00bbdefault\u00a0\u00bb overlay_strength=\u00a0\u00bb0.3&Prime; column_border_width=\u00a0\u00bbnone\u00a0\u00bb...","og_url":"https:\/\/franchise.piri-piri.ca\/fr\/etape-suivante\/","og_site_name":"Piri Piri","article_modified_time":"2024-01-04T20:24:26+00:00","twitter_misc":{"Dur\u00e9e de lecture estim\u00e9e":"5 minutes"},"schema":{"@context":"https:\/\/schema.org","@graph":[{"@type":"WebPage","@id":"https:\/\/franchise.piri-piri.ca\/fr\/etape-suivante\/","url":"https:\/\/franchise.piri-piri.ca\/fr\/etape-suivante\/","name":"L\u2019\u00e9tape suivante | Piri Piri","isPartOf":{"@id":"https:\/\/franchise.piri-piri.ca\/fr\/#website"},"datePublished":"2020-11-04T18:58:37+00:00","dateModified":"2024-01-04T20:24:26+00:00","breadcrumb":{"@id":"https:\/\/franchise.piri-piri.ca\/fr\/etape-suivante\/#breadcrumb"},"inLanguage":"fr-FR","potentialAction":[{"@type":"ReadAction","target":["https:\/\/franchise.piri-piri.ca\/fr\/etape-suivante\/"]}]},{"@type":"BreadcrumbList","@id":"https:\/\/franchise.piri-piri.ca\/fr\/etape-suivante\/#breadcrumb","itemListElement":[{"@type":"ListItem","position":1,"name":"Accueil","item":"https:\/\/franchise.piri-piri.ca\/fr\/"},{"@type":"ListItem","position":2,"name":"L\u2019\u00e9tape suivante"}]},{"@type":"WebSite","@id":"https:\/\/franchise.piri-piri.ca\/fr\/#website","url":"https:\/\/franchise.piri-piri.ca\/fr\/","name":"Piri Piri","description":"Piri Piri ","potentialAction":[{"@type":"SearchAction","target":{"@type":"EntryPoint","urlTemplate":"https:\/\/franchise.piri-piri.ca\/fr\/?s={search_term_string}"},"query-input":"required name=search_term_string"}],"inLanguage":"fr-FR"}]}},"_links":{"self":[{"href":"https:\/\/franchise.piri-piri.ca\/fr\/wp-json\/wp\/v2\/pages\/62763"}],"collection":[{"href":"https:\/\/franchise.piri-piri.ca\/fr\/wp-json\/wp\/v2\/pages"}],"about":[{"href":"https:\/\/franchise.piri-piri.ca\/fr\/wp-json\/wp\/v2\/types\/page"}],"author":[{"embeddable":true,"href":"https:\/\/franchise.piri-piri.ca\/fr\/wp-json\/wp\/v2\/users\/1"}],"replies":[{"embeddable":true,"href":"https:\/\/franchise.piri-piri.ca\/fr\/wp-json\/wp\/v2\/comments?post=62763"}],"version-history":[{"count":10,"href":"https:\/\/franchise.piri-piri.ca\/fr\/wp-json\/wp\/v2\/pages\/62763\/revisions"}],"predecessor-version":[{"id":63027,"href":"https:\/\/franchise.piri-piri.ca\/fr\/wp-json\/wp\/v2\/pages\/62763\/revisions\/63027"}],"wp:attachment":[{"href":"https:\/\/franchise.piri-piri.ca\/fr\/wp-json\/wp\/v2\/media?parent=62763"}],"curies":[{"name":"wp","href":"https:\/\/api.w.org\/{rel}","templated":true}]}}